{"id":403,"date":"2024-06-11T14:59:24","date_gmt":"2024-06-11T14:59:24","guid":{"rendered":"https:\/\/jasongu.org\/wisee\/?page_id=403"},"modified":"2025-10-01T21:08:52","modified_gmt":"2025-10-01T21:08:52","slug":"technical-program-review-committee","status":"publish","type":"page","link":"https:\/\/jasongu.org\/wisee\/committee\/technical-program-review-committee\/","title":{"rendered":"TECHNICAL PROGRAM REVIEW COMMITTEE"},"content":{"rendered":"\t\t<div data-elementor-type=\"wp-page\" data-elementor-id=\"403\" class=\"elementor elementor-403\">\n\t\t\t\t<div class=\"elementor-element elementor-element-c37a813 e-con-full e-flex e-con e-parent\" data-id=\"c37a813\" data-element_type=\"container\" data-e-type=\"container\">\n\t\t<div class=\"elementor-element elementor-element-38edcdb e-con-full e-flex e-con e-child\" data-id=\"38edcdb\" data-element_type=\"container\" data-e-type=\"container\">\n\t\t\t\t<div class=\"elementor-element elementor-element-6a1ae43 elementor-widget elementor-widget-heading\" data-id=\"6a1ae43\" data-element_type=\"widget\" data-e-type=\"widget\" data-widget_type=\"heading.default\">\n\t\t\t\t<div class=\"elementor-widget-container\">\n\t\t\t\t\t<h2 class=\"elementor-heading-title elementor-size-default\">Technical Program Review Committee<\/h2>\t\t\t\t<\/div>\n\t\t\t\t<\/div>\n\t\t<div class=\"elementor-element elementor-element-c293d0e e-con-full e-flex e-con e-child\" data-id=\"c293d0e\" data-element_type=\"container\" data-e-type=\"container\">\n\t\t\t\t<div class=\"elementor-element elementor-element-71d197c elementor-widget elementor-widget-html\" data-id=\"71d197c\" data-element_type=\"widget\" data-e-type=\"widget\" data-widget_type=\"html.default\">\n\t\t\t\t<div class=\"elementor-widget-container\">\n\t\t\t\t\t<!DOCTYPE html>\n<html>\n<head>\n    <meta charset=\"UTF-8\">\n    <style>\n        body {\n            font-family: Arial, sans-serif;\n            margin: 40px;\n            background-color: #f9f9f9;\n        }\n        .container {\n            max-width: 1000px;\n            margin: auto;\n            background: #fff;\n            padding: 20px;\n            box-shadow: 0 0 10px rgba(0,0,0,0.1);\n        }\n        table {\n            width: 100%;\n            border-collapse: collapse;\n        }\n        th, td {\n            padding: 12px;\n            border: 1px solid #ddd;\n            text-align: left;\n        }\n        th {\n            background-color: #333;\n            color: white;\n        }\n        tr:nth-child(even) {\n            background-color: #f2f2f2;\n        }\n        tr:nth-child(odd) {\n            background-color: #ffffff;\n        }\n    <\/style>\n<\/head>\n<body>\n    <div class=\"container\">\n    \n        <table>\n            <thead>\n                <tr>\n                    <th>First name<\/th>\n                    <th>Last name<\/th>\n                    <th>Affiliation<\/th>\n                    <th>Country<\/th>\n                <\/tr>\n            <\/thead>\n            <tbody>\n                <tr><td>Mouhamed<\/td>\n                <td>Abdulla<\/td><td>Sheridan Institute of Technology<\/td><td>Canada<\/td>\n                <\/tr>\n                <tr><td>Esmail<\/td><td>Abuhdima<\/td><td>ECPI University<\/td><td>USA<\/td>\n                <\/tr>\n                <tr>\n                    <td>Salma<\/td>\n                    <td>Ait Fares<\/td><td>InterTalk Critical Informtation Systems<\/td><td>Canada<\/td>\n                <\/tr>\n                <tr>\n                    <td>Hadi<\/td><td>Alasti<\/td><td>Purdue University Fort Wayne<\/td><td>USA<\/td>\n                <\/tr>\n                <tr>\n                    <td>Ihsan<\/td><td>Ali<\/td><td>Southeast Missouri State University<\/td><td>Macao<\/td>\n                <\/tr>\n                <tr>\n                    <td>Md Sadik<\/td><td>Awal<\/td><td>Florida International University<\/td><td>USA<\/td>\n                <\/tr>\n                <tr>\n                    <td>Teresa<\/td><td>Barata<\/td><td>Univ Coimbra, Instituto de Astrof\u00edsica e Ci\u00eancias Do Espa\u00e7o<\/td><td>Portugal<\/td>\n                <\/tr>\n                <tr>\n                    <td>Kushal<\/td><td>Bhattacharjee<\/td><td>Kampanics<\/td><td>USA<\/td>\n                <\/tr>\n                <tr>\n                    <td>Nuno<\/td><td>Borges Carvalho<\/td><td>Universidade de Aveiro<\/td><td>Portugal<\/td>\n                <\/tr>\n                <tr>\n                    <td>Genshe<\/td><td>Chen<\/td><td>Intelligent Fusion Technology, Inc<\/td><td>USA<\/td>\n                <\/tr>\n                <tr>\n                    <td>Jihwan<\/td><td>Choi<\/td><td>Korea Advanced Institute of Science and Technology<\/td><td>Korea (South)<\/td>\n                <\/tr>\n                <tr>\n                    <td>Kristen<\/td><td>Donnell<\/td><td>Missouri University of Science and Technology<\/td><td>USA<\/td>\n                <\/tr>\n                <tr>\n                    <td>Rachel<\/td><td>Dudukovich<\/td><td>NASA Glenn Research Center<\/td><td>USA<\/td>\n                <\/tr>\n                <tr>\n                    <td>Gregory<\/td><td>Durgin<\/td><td>Georgia Tech<\/td><td>USA<\/td>\n                <\/tr>\n                <tr>\n                    <td>William<\/td><td>Edmonson<\/td><td>University of Hawaii<\/td><td>USA<\/td>\n                <\/tr>\n                <tr>\n                    <td>Vincent<\/td><td>Filardi<\/td><td>Worcester Polytechnic Institute<\/td><td>USA<\/td>\n                <\/tr>\n                <tr>\n                    <td>Markus<\/td><td>Gardill<\/td><td>Brandenburg University of Technology<\/td><td>Brandenburg University of Technology<\/td>\n                <\/tr>\n                <tr>\n                    <td>Gayle<\/td><td>Goldner<\/td><td>Goldner Management<\/td><td>USA<\/td>\n                <\/tr>\n                <tr><td>Jason<\/td><td>Gu<\/td><td>Dalhousie University<\/td><td>Canada<\/td><\/tr>\n                <tr>\n                    <td>Hongzhi<\/td><td>Guo<\/td><td>University of Nebraska Lincoln<\/td><td>USA<\/td>\n                <\/tr>\n                <tr>\n                    <td>Nadir<\/td><td>Hakem<\/td><td>Universit\u00e9 du Qu\u00e9bec en Abitibi T\u00e9miscamingue<\/td><td>Canada<\/td>\n                <\/tr>\n                <tr>\n                    <td>Chengpeng<\/td><td>Hao<\/td><td>Chinese Academy of Sciences<\/td><td>China<\/td>\n                <\/tr>\n                <tr>\n                    <td>Peter<\/td><td>Hawrylak<\/td><td>University of Tulsa<\/td><td>USA<\/td>\n                <\/tr>\n                <tr>\n                    <td>Adelaida Cristina<\/td><td>Heiman<\/td><td>Constanta Maritime University<\/td><td>Romania<\/td>\n                <\/tr>\n                <tr>\n                    <td>Nima<\/td><td>Javanbakht<\/td><td>Carleton University<\/td><td>Canada<\/td>\n                <\/tr>\n                \n      <tr><td>Thomas<\/td><td>Jedrey<\/td><td>Jet Propulsion Laboratory<\/td><td>USA<\/td><\/tr>\n        <tr><td>Giovanna<\/td><td>Jerse<\/td><td>Via Giambattista Tiepolo 11<\/td><td>Italy<\/td><\/tr>\n        <tr><td>Gunes<\/td><td>Karabulut Kurt<\/td><td>Ecole Polytechnique de Montreal<\/td><td>Canada<\/td><\/tr>\n        <tr><td>Hendra<\/td><td>Kesuma<\/td><td>Bremen Dynamics<\/td><td>Germany<\/td><\/tr>\n        <tr><td>Ricardo<\/td><td>Lent<\/td><td>University of Houston<\/td><td>USA<\/td><\/tr>\n        <tr><td>Jose<\/td><td>Leon Calvo<\/td><td>Nokia Solutions and Networks GmbH & Co. KG<\/td><td>Germany<\/td><\/tr>\n        <tr><td>Fang<\/td><td>Li<\/td><td>New York Institute of Technology<\/td><td>USA<\/td><\/tr>\n        <tr><td>Jun<\/td><td>Liu<\/td><td>University of Science and Technology of China<\/td><td>China<\/td><\/tr>\n        <tr><td>Pascal<\/td><td>Lorenz<\/td><td>University of Haute Alsace<\/td><td>France<\/td><\/tr>\n        <tr><td>Andre<\/td><td>L\u00fcbken<\/td><td>German Aerospace Center (DLR)<\/td><td>Germany<\/td><\/tr>\n        <tr><td>Richard<\/td><td>Madonna<\/td><td>California Institute of Technology<\/td><td>USA<\/td><\/tr>\n        <tr><td>Donald<\/td><td>Malocha<\/td><td>Pegasense, LLC<\/td><td>USA<\/td><\/tr>\n        <tr><td>Abdelhamid<\/td><td>Mammeri<\/td><td>National Research Council Canada<\/td><td>Canada<\/td><\/tr>\n        <tr><td>Bomin<\/td><td>Mao<\/td><td>School of Cybersecurity, Northwestern Polytechnical University<\/td><td>China<\/td><\/tr>\n        <tr><td>Rainer<\/td><td>Martini<\/td><td>Stevens Institute of Technology<\/td><td>USA<\/td><\/tr>\n        <tr><td>Raouia<\/td><td>Masmoudi Ghodhbane<\/td><td>SAFRAN TECH<\/td><td>France<\/td><\/tr>\n        <tr><td>James<\/td><td>McSpadden<\/td><td>Raytheon<\/td><td>USA<\/td><\/tr>\n        <tr><td>Marco<\/td><td>Mezzavilla<\/td><td>Politecnico di Milano<\/td><td>Italy<\/td><\/tr>\n        <tr><td>Paul<\/td><td>Mitchell<\/td><td>University of York<\/td><td>United Kingdom (Great Britain)<\/td><\/tr>\n        <tr><td>Andrea<\/td><td>Nardin<\/td><td>Politecnico di Torino<\/td><td>Italy<\/td><\/tr>\n        <tr><td>Telex Magloire<\/td><td>Ngatched<\/td><td>McMaster University<\/td><td>Canada<\/td><\/tr>\n        <tr><td>Fabio<\/td><td>Patrone<\/td><td>University of Genoa<\/td><td>Italy<\/td><\/tr>\n        <tr><td>Ermanno<\/td><td>Pietrosemoli<\/td><td>ICTP<\/td><td>Italy<\/td><\/tr>\n        <tr><td>Vijay<\/td><td>Rao<\/td><td>LTIMindtree<\/td><td>The Netherlands<\/td><\/tr>\n        <tr><td>Habib<\/td><td>Rashvand<\/td><td>Advanced Communication Systems, University of Warwick<\/td><td>United Kingdom (Great Britain)<\/td><\/tr>\n        <tr><td>Abolfazl<\/td><td>Razi<\/td><td>Clemson University<\/td><td>USA<\/td><\/tr>\n        <tr><td>Jochen<\/td><td>Rust<\/td><td>Hamburg University of Applied Sciences<\/td><td>Germany<\/td><\/tr>\n        <tr><td>Pietro<\/td><td>Savazzi<\/td><td>University of Pavia<\/td><td>Italy<\/td><\/tr>\n        <tr><td>Dominic<\/td><td>Schupke<\/td><td>Airbus Defence and Space GmbH<\/td><td>Germany<\/td><\/tr>\n        <tr><td>R<\/td><td>Seetharaman<\/td><td>Anna University<\/td><td>India<\/td><\/tr>\n        <tr><td>Mae<\/td><td>Seto<\/td><td>Dalhousie University<\/td><td>Canada<\/td><\/tr>\n        <tr><td>Naoki<\/td><td>Shinohara<\/td><td>Kyoto University<\/td><td>Japan<\/td><\/tr>\n        <tr><td>Himal<\/td><td>Suraweera<\/td><td>University of Peradeniya<\/td><td>Sri Lanka<\/td><\/tr>\n        <tr><td>Tadashi<\/td><td>Takano<\/td><td>Nihon University<\/td><td>Japan<\/td><\/tr>\n        <tr><td>Ozan Alp<\/td><td>Topal<\/td><td>KTH Royal Institute of Technology<\/td><td>Sweden<\/td><\/tr>\n        <tr><td>Gail<\/td><td>Tverberg<\/td><td>Space Solar Power Institute<\/td><td>USA<\/td><\/tr>\n        <tr><td>Christopher<\/td><td>Valenta<\/td><td>Georgia Tech Research Institute<\/td><td>USA<\/td><\/tr>\n        <tr><td>Luca<\/td><td>Venturino<\/td><td>Universita' degli Studi di Cassino e del Lazio Merdionale<\/td><td>Italy<\/td><\/tr>\n        <tr><td>William<\/td><td>Wilson<\/td><td>NASA Langley Research Center<\/td><td>USA<\/td><\/tr>\n        <tr><td>Dan<\/td><td>Xiang<\/td><td>X-Wave Innovations, Inc.<\/td><td>USA<\/td><\/tr>\n        <tr><td>Guannan<\/td><td>Yang<\/td><td>Nanjing University of Finance & Economics<\/td><td>China<\/td><\/tr>\n        <tr><td>Qian<\/td><td>Yang<\/td><td>Georgia Institute of Technology<\/td><td>USA<\/td><\/tr>\n        <tr><td>Qiang<\/td><td>Ye<\/td><td>University of Calgary<\/td><td>Canada<\/td><\/tr>\n        <tr><td>Seyed (Reza)<\/td><td>Zekavat<\/td><td>Worcester Polytechnic Institute<\/td><td>USA<\/td><\/tr>\n        <tr><td>Lixia<\/td><td>Zhang<\/td><td>University of California at Los Angeles<\/td><td>USA<\/td><\/tr>\n        <tr><td>Haifeng<\/td><td>Zheng<\/td><td>Univ of North Texas<\/td><td>USA<\/td><\/tr>\n                \n                \n            <\/tbody>\n        <\/table>\n    <\/div>\n<\/body>\n<\/html>\t\t\t\t<\/div>\n\t\t\t\t<\/div>\n\t\t\t\t<\/div>\n\t\t\t\t<\/div>\n\t\t<div class=\"elementor-element elementor-element-11ed61d e-con-full e-flex e-con e-child\" data-id=\"11ed61d\" data-element_type=\"container\" data-e-type=\"container\">\n\t\t\t\t<div class=\"elementor-element elementor-element-342dc794 elementor-widget elementor-widget-heading\" data-id=\"342dc794\" data-element_type=\"widget\" data-e-type=\"widget\" data-widget_type=\"heading.default\">\n\t\t\t\t<div class=\"elementor-widget-container\">\n\t\t\t\t\t<h4 class=\"elementor-heading-title elementor-size-default\">IMPORTANT DATES<\/h4>\t\t\t\t<\/div>\n\t\t\t\t<\/div>\n\t\t\t\t<div class=\"elementor-element elementor-element-76f59a49 elementor-widget elementor-widget-text-editor\" data-id=\"76f59a49\" data-element_type=\"widget\" data-e-type=\"widget\" data-widget_type=\"text-editor.default\">\n\t\t\t\t<div class=\"elementor-widget-container\">\n\t\t\t\t\t\t\t\t\t<p><del><b>Paper Submission Deadline<\/b>: July 13, 2025<\/del><\/p><p><span style=\"color: #ff0000;\"><strong>Paper Submission: July 31, 2025<\/strong><\/span><\/p><p><span style=\"color: #ff0000;\"><strong>Camera Ready Final Paper Submission: September 13, 2025<\/strong><\/span><\/p><p><del><b>Acceptance Notification:<\/b> August 13, 2025<\/del><\/p><p><span style=\"color: #ff0000;\"><b>Acceptance Notification:<\/b> August 20, 2025<\/span><\/p><p><b>Early Bird Registration: <\/b>September 15, 2025<\/p><p><span style=\"color: #ff0000;\"><b>Conference Date:<\/b> October 13 &#8211; 15, 2025<\/span><\/p><p><span style=\"color: #ff0000;\"><b>Conference Location: <\/b>Halifax, Nova Scotia, Canada<\/span><\/p>\t\t\t\t\t\t\t\t<\/div>\n\t\t\t\t<\/div>\n\t\t\t\t<div class=\"elementor-element elementor-element-254a4af8 elementor-widget elementor-widget-heading\" data-id=\"254a4af8\" data-element_type=\"widget\" data-e-type=\"widget\" data-widget_type=\"heading.default\">\n\t\t\t\t<div class=\"elementor-widget-container\">\n\t\t\t\t\t<h4 class=\"elementor-heading-title elementor-size-default\">SPONSORS<\/h4>\t\t\t\t<\/div>\n\t\t\t\t<\/div>\n\t\t\t\t<div class=\"elementor-element elementor-element-2e59314b elementor-widget elementor-widget-image\" data-id=\"2e59314b\" data-element_type=\"widget\" data-e-type=\"widget\" data-widget_type=\"image.default\">\n\t\t\t\t<div class=\"elementor-widget-container\">\n\t\t\t\t\t\t\t\t\t\t\t\t\t\t\t<img fetchpriority=\"high\" decoding=\"async\" width=\"800\" height=\"285\" src=\"https:\/\/jasongu.org\/wisee\/wp-content\/uploads\/2024\/05\/cropped-cropped-ieee_logo-1.jpeg\" class=\"attachment-large size-large wp-image-115\" alt=\"\" srcset=\"https:\/\/jasongu.org\/wisee\/wp-content\/uploads\/2024\/05\/cropped-cropped-ieee_logo-1.jpeg 800w, https:\/\/jasongu.org\/wisee\/wp-content\/uploads\/2024\/05\/cropped-cropped-ieee_logo-1-300x107.jpeg 300w, https:\/\/jasongu.org\/wisee\/wp-content\/uploads\/2024\/05\/cropped-cropped-ieee_logo-1-768x274.jpeg 768w\" sizes=\"(max-width: 800px) 100vw, 800px\" \/>\t\t\t\t\t\t\t\t\t\t\t\t\t\t\t<\/div>\n\t\t\t\t<\/div>\n\t\t\t\t<div class=\"elementor-element elementor-element-50c2801a elementor-widget elementor-widget-image\" data-id=\"50c2801a\" data-element_type=\"widget\" data-e-type=\"widget\" data-widget_type=\"image.default\">\n\t\t\t\t<div class=\"elementor-widget-container\">\n\t\t\t\t\t\t\t\t\t\t\t\t\t\t\t<img decoding=\"async\" width=\"141\" height=\"141\" src=\"https:\/\/jasongu.org\/wisee\/wp-content\/uploads\/2024\/05\/cropped-cropped-region1_logo.png\" class=\"attachment-large size-large wp-image-114\" alt=\"\" \/>\t\t\t\t\t\t\t\t\t\t\t\t\t\t\t<\/div>\n\t\t\t\t<\/div>\n\t\t\t\t<div class=\"elementor-element elementor-element-28cfe44b elementor-widget elementor-widget-image\" data-id=\"28cfe44b\" data-element_type=\"widget\" data-e-type=\"widget\" data-widget_type=\"image.default\">\n\t\t\t\t<div class=\"elementor-widget-container\">\n\t\t\t\t\t\t\t\t\t\t\t\t\t\t\t<img decoding=\"async\" width=\"685\" height=\"358\" src=\"https:\/\/jasongu.org\/wisee\/wp-content\/uploads\/2024\/05\/crfid.jpg\" class=\"attachment-large size-large wp-image-286\" alt=\"\" srcset=\"https:\/\/jasongu.org\/wisee\/wp-content\/uploads\/2024\/05\/crfid.jpg 685w, https:\/\/jasongu.org\/wisee\/wp-content\/uploads\/2024\/05\/crfid-300x157.jpg 300w\" sizes=\"(max-width: 685px) 100vw, 685px\" \/>\t\t\t\t\t\t\t\t\t\t\t\t\t\t\t<\/div>\n\t\t\t\t<\/div>\n\t\t\t\t<div class=\"elementor-element elementor-element-5c607c9 elementor-widget elementor-widget-image\" data-id=\"5c607c9\" data-element_type=\"widget\" data-e-type=\"widget\" data-widget_type=\"image.default\">\n\t\t\t\t<div class=\"elementor-widget-container\">\n\t\t\t\t\t\t\t\t\t\t\t\t\t\t\t<img loading=\"lazy\" decoding=\"async\" width=\"225\" height=\"225\" src=\"https:\/\/jasongu.org\/wisee\/wp-content\/uploads\/2025\/09\/IEEEAtlantic.png\" class=\"attachment-large size-large wp-image-1955\" alt=\"\" srcset=\"https:\/\/jasongu.org\/wisee\/wp-content\/uploads\/2025\/09\/IEEEAtlantic.png 225w, https:\/\/jasongu.org\/wisee\/wp-content\/uploads\/2025\/09\/IEEEAtlantic-150x150.png 150w\" sizes=\"(max-width: 225px) 100vw, 225px\" \/>\t\t\t\t\t\t\t\t\t\t\t\t\t\t\t<\/div>\n\t\t\t\t<\/div>\n\t\t\t\t<div class=\"elementor-element elementor-element-e9178f5 elementor-widget elementor-widget-image\" data-id=\"e9178f5\" data-element_type=\"widget\" data-e-type=\"widget\" data-widget_type=\"image.default\">\n\t\t\t\t<div class=\"elementor-widget-container\">\n\t\t\t\t\t\t\t\t\t\t\t\t\t\t\t<img loading=\"lazy\" decoding=\"async\" width=\"225\" height=\"225\" src=\"https:\/\/jasongu.org\/wisee\/wp-content\/uploads\/2025\/09\/IEEEMontreal.png\" class=\"attachment-large size-large wp-image-1954\" alt=\"\" srcset=\"https:\/\/jasongu.org\/wisee\/wp-content\/uploads\/2025\/09\/IEEEMontreal.png 225w, https:\/\/jasongu.org\/wisee\/wp-content\/uploads\/2025\/09\/IEEEMontreal-150x150.png 150w\" sizes=\"(max-width: 225px) 100vw, 225px\" \/>\t\t\t\t\t\t\t\t\t\t\t\t\t\t\t<\/div>\n\t\t\t\t<\/div>\n\t\t\t\t<div class=\"elementor-element elementor-element-e27571a elementor-widget elementor-widget-heading\" data-id=\"e27571a\" data-element_type=\"widget\" data-e-type=\"widget\" data-widget_type=\"heading.default\">\n\t\t\t\t<div class=\"elementor-widget-container\">\n\t\t\t\t\t<h4 class=\"elementor-heading-title elementor-size-default\">Patrons<\/h4>\t\t\t\t<\/div>\n\t\t\t\t<\/div>\n\t\t\t\t<div class=\"elementor-element elementor-element-d115d5e elementor-widget elementor-widget-image\" data-id=\"d115d5e\" data-element_type=\"widget\" data-e-type=\"widget\" data-widget_type=\"image.default\">\n\t\t\t\t<div class=\"elementor-widget-container\">\n\t\t\t\t\t\t\t\t\t\t\t\t\t\t\t<img loading=\"lazy\" decoding=\"async\" width=\"200\" height=\"200\" src=\"https:\/\/jasongu.org\/wisee\/wp-content\/uploads\/2025\/10\/gx_space_logo.jpeg\" class=\"attachment-large size-large wp-image-2055\" alt=\"\" srcset=\"https:\/\/jasongu.org\/wisee\/wp-content\/uploads\/2025\/10\/gx_space_logo.jpeg 200w, https:\/\/jasongu.org\/wisee\/wp-content\/uploads\/2025\/10\/gx_space_logo-150x150.jpeg 150w\" sizes=\"(max-width: 200px) 100vw, 200px\" \/>\t\t\t\t\t\t\t\t\t\t\t\t\t\t\t<\/div>\n\t\t\t\t<\/div>\n\t\t\t\t<\/div>\n\t\t\t\t<\/div>\n\t\t\t\t<\/div>\n\t\t","protected":false},"excerpt":{"rendered":"<p>Technical Program Review Committee First name Last name Affiliation Country Mouhamed Abdulla Sheridan Institute of Technology Canada Esmail Abuhdima ECPI University USA Salma Ait Fares InterTalk Critical Informtation Systems Canada Hadi Alasti Purdue University Fort Wayne USA Ihsan Ali Southeast Missouri State University Macao Md Sadik Awal Florida International University USA Teresa Barata Univ Coimbra, [&hellip;]<\/p>\n","protected":false},"author":1,"featured_media":0,"parent":44,"menu_order":0,"comment_status":"closed","ping_status":"closed","template":"","meta":{"footnotes":""},"class_list":["post-403","page","type-page","status-publish","hentry"],"_links":{"self":[{"href":"https:\/\/jasongu.org\/wisee\/wp-json\/wp\/v2\/pages\/403","targetHints":{"allow":["GET"]}}],"collection":[{"href":"https:\/\/jasongu.org\/wisee\/wp-json\/wp\/v2\/pages"}],"about":[{"href":"https:\/\/jasongu.org\/wisee\/wp-json\/wp\/v2\/types\/page"}],"author":[{"embeddable":true,"href":"https:\/\/jasongu.org\/wisee\/wp-json\/wp\/v2\/users\/1"}],"replies":[{"embeddable":true,"href":"https:\/\/jasongu.org\/wisee\/wp-json\/wp\/v2\/comments?post=403"}],"version-history":[{"count":43,"href":"https:\/\/jasongu.org\/wisee\/wp-json\/wp\/v2\/pages\/403\/revisions"}],"predecessor-version":[{"id":2074,"href":"https:\/\/jasongu.org\/wisee\/wp-json\/wp\/v2\/pages\/403\/revisions\/2074"}],"up":[{"embeddable":true,"href":"https:\/\/jasongu.org\/wisee\/wp-json\/wp\/v2\/pages\/44"}],"wp:attachment":[{"href":"https:\/\/jasongu.org\/wisee\/wp-json\/wp\/v2\/media?parent=403"}],"curies":[{"name":"wp","href":"https:\/\/api.w.org\/{rel}","templated":true}]}}